{"id":9998,"date":"2024-08-29T10:15:19","date_gmt":"2024-08-29T07:15:19","guid":{"rendered":"https:\/\/www.eyuboglubuyukatak.av.tr\/?page_id=9998"},"modified":"2024-09-02T16:26:12","modified_gmt":"2024-09-02T13:26:12","slug":"hakkimizda","status":"publish","type":"page","link":"https:\/\/www.eyuboglubuyukatak.av.tr\/en\/hakkimizda\/","title":{"rendered":"About Us"},"content":{"rendered":"<div data-elementor-type=\"wp-page\" data-elementor-id=\"9998\" class=\"elementor elementor-9998\">\n\t\t\t\t\t\t<section class=\"elementor-section elementor-top-section elementor-element elementor-element-139a73ff elementor-reverse-tablet elementor-section-boxed elementor-section-height-default elementor-section-height-default\" data-id=\"139a73ff\" data-element_type=\"section\" data-settings=\"{&quot;background_background&quot;:&quot;classic&quot;}\">\n\t\t\t\t\t\t<div class=\"elementor-container elementor-column-gap-default\">\n\t\t\t\t\t<div class=\"lqd-css-sticky-column elementor-column elementor-col-50 elementor-top-column elementor-element elementor-element-389de919 elementor-hidden-mobile\" style=\"--lqd-sticky-offset:30px\" data-id=\"389de919\" data-element_type=\"column\">\n\t\t\t<div class=\"elementor-widget-wrap elementor-element-populated\">\n\t\t\t\t\t\t<div class=\"elementor-element elementor-element-3bef57f5 elementor-widget elementor-widget-ld_fancy_image\" data-id=\"3bef57f5\" data-element_type=\"widget\" data-widget_type=\"ld_fancy_image.default\">\n\t\t\t\t<div class=\"elementor-widget-container\">\n\t\t\t\n\t\t<div class=\"lqd-imggrp-single d-block pos-rel\" data-float=\"ease-in-out\">\n\t\t\t<div class=\"lqd-imggrp-img-container d-inline-flex pos-rel align-items-center justify-content-center\">\n\t\t\t\t\t\t\t\t<figure class=\"w-100 pos-rel\">\n\t\t\t\t\t<img fetchpriority=\"high\" decoding=\"async\" width=\"768\" height=\"1024\" src=\"https:\/\/www.eyuboglubuyukatak.av.tr\/wp-content\/uploads\/2024\/01\/IMG_5931-2-768x1024.jpg\" class=\"attachment-large size-large wp-image-9689\" alt=\"\" srcset=\"https:\/\/www.eyuboglubuyukatak.av.tr\/wp-content\/uploads\/2024\/01\/IMG_5931-2-768x1024.jpg 768w, https:\/\/www.eyuboglubuyukatak.av.tr\/wp-content\/uploads\/2024\/01\/IMG_5931-2-225x300.jpg 225w, https:\/\/www.eyuboglubuyukatak.av.tr\/wp-content\/uploads\/2024\/01\/IMG_5931-2-9x12.jpg 9w, https:\/\/www.eyuboglubuyukatak.av.tr\/wp-content\/uploads\/2024\/01\/IMG_5931-2.jpg 1125w\" sizes=\"(max-width: 768px) 100vw, 768px\" itemprop=\"image\" \/>\t\t\t\t\t\t\t\t\t\t\t\t\t\t\t\t\t\t\t\t\t\t\t\t\t\t\t\t\t<\/figure>\n\t\t\t<\/div>\n\t\t<\/div>\n\n\t\t\t<\/div>\n\t\t\t\t<\/div>\n\t\t\t\t\t<\/div>\n\t\t<\/div>\n\t\t\t\t<div data-custom-animations=\"true\" data-ca-options=\"{&quot;addChildTimelines&quot;:false,&quot;animationTarget&quot;:&quot;:scope &gt; .elementor-widget-wrap &gt; .elementor-element &gt; .elementor-widget-container, :scope &gt; .elementor-widget-wrap &gt; .elementor-section &gt; .elementor-container &gt; .elementor-column &gt; .elementor-widget-wrap &gt; .elementor-element:not(.lqd-el-has-inner-anim) &gt; .elementor-widget-container, :scope &gt; .elementor-widget-wrap &gt; .elementor-widget-hub_fancy_heading .lqd-split-lines .lqd-lines .split-inner, :scope &gt; .elementor-widget-wrap &gt; .elementor-widget-hub_fancy_heading .lqd-split-words .lqd-words .split-inner, :scope &gt; .elementor-widget-wrap &gt; .elementor-widget-hub_fancy_heading .lqd-split-chars .lqd-chars .split-inner, :scope &gt; .elementor-widget-wrap &gt; .elementor-widget-ld_custom_menu .lqd-fancy-menu &gt; ul &gt; li&quot;,&quot;startDelay&quot;:300,&quot;ease&quot;:[&quot;power4.out&quot;],&quot;initValues&quot;:{&quot;y&quot;:&quot;40px&quot;,&quot;opacity&quot;:0},&quot;animations&quot;:{&quot;y&quot;:&quot;0px&quot;,&quot;opacity&quot;:1}}\" class=\"elementor-column elementor-col-50 elementor-top-column elementor-element elementor-element-535bb9ca\" data-id=\"535bb9ca\" data-element_type=\"column\">\n\t\t\t<div class=\"elementor-widget-wrap elementor-element-populated\">\n\t\t\t\t\t\t<div class=\"elementor-element elementor-element-6f793176 elementor-widget elementor-widget-hub_fancy_heading\" data-id=\"6f793176\" data-element_type=\"widget\" data-widget_type=\"hub_fancy_heading.default\">\n\t\t\t\t<div class=\"elementor-widget-container\">\n\t\t\t\n\t\t<div id=\"ld-fancy-heading-69f53d251a399\" class=\"ld-fancy-heading pos-rel\">\n\t\t\t<h2 class=\"ld-fh-element d-inline-block pos-rel  elementor-heading-title lqd-highlight-classic lqd-highlight-grow-left h2\"  > Ey\u00fcbo\u011flu B\u00fcy\u00fckatak Attorneys at Law <\/h2>\t\t<\/div>\n\n\t\t\t\t<\/div>\n\t\t\t\t<\/div>\n\t\t\t\t<div class=\"elementor-element elementor-element-65ee9c77 elementor-widget elementor-widget-hub_fancy_heading\" data-id=\"65ee9c77\" data-element_type=\"widget\" data-widget_type=\"hub_fancy_heading.default\">\n\t\t\t\t<div class=\"elementor-widget-container\">\n\t\t\t\n\t\t<div id=\"ld-fancy-heading-69f53d251b442\" class=\"ld-fancy-heading pos-rel\">\n\t\t\t<p class=\"ld-fh-element d-inline-block pos-rel  lqd-highlight-classic lqd-highlight-grow-left p\"  > Since its establishment in 2016, full service independent law firm Ey\u00fcbo\u011flu B\u00fcy\u00fckatak Attorneys at Law has continued to provide legal advice and services across practice areas like <b>real estate, construction, urban transformation, corporate and commercial, compliance, employment, dispute resolution, insolvency, insurance, tax <\/b>to leading clients both locally and internationally. Our team have the know-how and experience to deliver tailor made solutions in even the most complex and challenging environments. Our advice is unique to each individual client and our approach is always with a total commitment to putting our clients first and to generate the best possible outcomes. All our lawyers closely follow the current legal and financial developments to ensure quality continuity across all services our firm provides. Ey\u00fcbo\u011flu B\u00fcy\u00fckatak Attorneys at Law at Law acts with the primary goal of preventing legal disputes for both domestic and foreign clients and keeping them away from uncertain legal processes.<\/p>\t\t<\/div>\n\n\t\t\t\t<\/div>\n\t\t\t\t<\/div>\n\t\t\t\t<div class=\"elementor-element elementor-element-6ab4fee elementor-widget elementor-widget-hub_fancy_heading\" data-id=\"6ab4fee\" data-element_type=\"widget\" data-widget_type=\"hub_fancy_heading.default\">\n\t\t\t\t<div class=\"elementor-widget-container\">\n\t\t\t\n\t\t<div id=\"ld-fancy-heading-69f53d251c0f3\" class=\"ld-fancy-heading pos-rel\">\n\t\t\t<p class=\"ld-fh-element d-inline-block pos-rel  lqd-highlight-classic lqd-highlight-grow-left p\"  > <b> Ey\u00fcbo\u011flu B\u00fcy\u00fckatak Attorneys at Law<\/b><b> Ey\u00fcbo\u011flu B\u00fcy\u00fckatak Attorneys at Law<\/b> started with only 2 lawyers but has now expanded to 25 team members including legal trainees. The firms pool of clients has grown from 15 since its establishment and have been managed over 2,000 clients across all sectors.<\/p>\t\t<\/div>\n\n\t\t\t\t<\/div>\n\t\t\t\t<\/div>\n\t\t\t\t<div class=\"elementor-element elementor-element-58e3879 elementor-widget elementor-widget-hub_fancy_heading\" data-id=\"58e3879\" data-element_type=\"widget\" data-widget_type=\"hub_fancy_heading.default\">\n\t\t\t\t<div class=\"elementor-widget-container\">\n\t\t\t\n\t\t<div id=\"ld-fancy-heading-69f53d251cd9e\" class=\"ld-fancy-heading pos-rel\">\n\t\t\t<p class=\"ld-fh-element d-inline-block pos-rel  lqd-highlight-classic lqd-highlight-grow-left p translation-block\"  >Since its establishment, <b> Ey\u00fcbo\u011flu B\u00fcy\u00fckatak <\/b>has averaged every three days a new client. Over the past two years, the firm has involved in transactions totalling approximately USD 2,685,000,000 (Two Billion Six Hundred Eighty Five Million US Dollars)<\/p>\t\t<\/div>\n\n\t\t\t\t<\/div>\n\t\t\t\t<\/div>\n\t\t\t\t<div class=\"elementor-element elementor-element-1c805c3 elementor-widget elementor-widget-hub_fancy_heading\" data-id=\"1c805c3\" data-element_type=\"widget\" data-widget_type=\"hub_fancy_heading.default\">\n\t\t\t\t<div class=\"elementor-widget-container\">\n\t\t\t\n\t\t<div id=\"ld-fancy-heading-69f53d251dcac\" class=\"ld-fancy-heading pos-rel\">\n\t\t\t<p class=\"ld-fh-element d-inline-block pos-rel  lqd-highlight-classic lqd-highlight-grow-left p translation-block\"  >Beyond its broad consultancy services, <b>Ey\u00fcbo\u011flu B\u00fcy\u00fckatak<\/b> excels in compliance matters, having successfully completed Personal Data Protection compliance processes for numerous companies. Our Law Firm leads firms in the textile and retail industries, leading companies in the chemical sector, major logistics companies managing their commercial law, employment law, real estate law and consumer law matters..<\/p>\t\t<\/div>\n\n\t\t\t\t<\/div>\n\t\t\t\t<\/div>\n\t\t\t\t<div class=\"elementor-element elementor-element-211ae0c elementor-widget elementor-widget-hub_fancy_heading\" data-id=\"211ae0c\" data-element_type=\"widget\" data-widget_type=\"hub_fancy_heading.default\">\n\t\t\t\t<div class=\"elementor-widget-container\">\n\t\t\t\n\t\t<div id=\"ld-fancy-heading-69f53d251e954\" class=\"ld-fancy-heading pos-rel\">\n\t\t\t<p class=\"ld-fh-element d-inline-block pos-rel  lqd-highlight-classic lqd-highlight-grow-left p translation-block\"  >In addition to offering consultancy to companies both nationally and internationally, establishing their corporate structures, and drafting contracts governing shareholder relations (SHA), <b>Ey\u00fcbo\u011flu B\u00fcy\u00fckatak<\/b> has managed high-value company acquisition processes. As of early 2024, <b>Ey\u00fcbo\u011flu B\u00fcy\u00fckatak<\/b> is actively handling one ongoing M&amp;A process and is engaged in negotiations for a potential second M&amp;A transaction.<\/p>\t\t<\/div>\n\n\t\t\t\t<\/div>\n\t\t\t\t<\/div>\n\t\t\t\t<div class=\"elementor-element elementor-element-4fd1558 elementor-widget elementor-widget-hub_fancy_heading\" data-id=\"4fd1558\" data-element_type=\"widget\" data-widget_type=\"hub_fancy_heading.default\">\n\t\t\t\t<div class=\"elementor-widget-container\">\n\t\t\t\n\t\t<div id=\"ld-fancy-heading-69f53d251f636\" class=\"ld-fancy-heading pos-rel\">\n\t\t\t<p class=\"ld-fh-element d-inline-block pos-rel  lqd-highlight-classic lqd-highlight-grow-left p\"  > The following testimonials from our sample clients demonstrate our law firms experience, bench strength and commitment to delivering the highest standards of legal know-how and strategic alignment that clients need to help further their business interests (further references are available on request): <br><br>\n\"With its diverse team, Ey\u00fcbo\u011flu B\u00fcy\u00fckatak ensures client satisfaction through its swift response, solution-oriented approach, and ability to address issues from multiple perspectives, leveraging both legal knowledge and practical experience.\"<br><br>\n\u201cEy\u00fcbo\u011flu B\u00fcy\u00fckatak allocates specialized and skilled lawyers to specific areas of law and assigns these experts to relevant clients. By fostering internal employee satisfaction and maintaining a stable team, the firm alleviates clients' concerns about dealing with multiple lawyers. This approach not only enhances client experience but also reflects a family-like commitment through its sincere and consistent service.\u201d<\/p>\t\t<\/div>\n\n\t\t\t\t<\/div>\n\t\t\t\t<\/div>\n\t\t\t\t<div class=\"elementor-element elementor-element-23dfc934 elementor-widget elementor-widget-spacer\" data-id=\"23dfc934\" data-element_type=\"widget\" data-widget_type=\"spacer.default\">\n\t\t\t\t<div class=\"elementor-widget-container\">\n\t\t\t<style>\/*! elementor - v3.21.0 - 26-05-2024 *\/\n.elementor-column .elementor-spacer-inner{height:var(--spacer-size)}.e-con{--container-widget-width:100%}.e-con-inner>.elementor-widget-spacer,.e-con>.elementor-widget-spacer{width:var(--container-widget-width,var(--spacer-size));--align-self:var(--container-widget-align-self,initial);--flex-shrink:0}.e-con-inner>.elementor-widget-spacer>.elementor-widget-container,.e-con>.elementor-widget-spacer>.elementor-widget-container{height:100%;width:100%}.e-con-inner>.elementor-widget-spacer>.elementor-widget-container>.elementor-spacer,.e-con>.elementor-widget-spacer>.elementor-widget-container>.elementor-spacer{height:100%}.e-con-inner>.elementor-widget-spacer>.elementor-widget-container>.elementor-spacer>.elementor-spacer-inner,.e-con>.elementor-widget-spacer>.elementor-widget-container>.elementor-spacer>.elementor-spacer-inner{height:var(--container-widget-height,var(--spacer-size))}.e-con-inner>.elementor-widget-spacer.elementor-widget-empty,.e-con>.elementor-widget-spacer.elementor-widget-empty{position:relative;min-height:22px;min-width:22px}.e-con-inner>.elementor-widget-spacer.elementor-widget-empty .elementor-widget-empty-icon,.e-con>.elementor-widget-spacer.elementor-widget-empty .elementor-widget-empty-icon{position:absolute;top:0;bottom:0;left:0;right:0;margin:auto;padding:0;width:22px;height:22px}<\/style>\t\t<div class=\"elementor-spacer\">\n\t\t\t<div class=\"elementor-spacer-inner\"><\/div>\n\t\t<\/div>\n\t\t\t\t<\/div>\n\t\t\t\t<\/div>\n\t\t\t\t\t<\/div>\n\t\t<\/div>\n\t\t\t\t\t<\/div>\n\t\t<\/section>\n\t\t\t\t<\/div>","protected":false},"excerpt":{"rendered":"<p>Ey\u00fcbo\u011flu B\u00fcy\u00fckatak Hukuk B\u00fcrosu 2016 y\u0131l\u0131nda kuruldu\u011fundan bu yana, tam hizmet veren ba\u011f\u0131ms\u0131z hukuk b\u00fcrosu Ey\u00fcbo\u011flu B\u00fcy\u00fckatak Hukuk B\u00fcrosu, gayrimenkul, in\u015faat, kentsel d\u00f6n\u00fc\u015f\u00fcm, kurumsal ve ticari uyum, i\u015f hukuku, uyu\u015fmazl\u0131k \u00e7\u00f6z\u00fcm\u00fc, iflas, sigorta, vergi gibi alanlarda hem yerel hem de uluslararas\u0131 \u00f6nde gelen m\u00fc\u015fterilere hukuki dan\u0131\u015fmanl\u0131k ve hizmetler sunmaya devam etmektedir. Ekibimiz, en karma\u015f\u0131k ve [&hellip;]<\/p>","protected":false},"author":1,"featured_media":0,"parent":0,"menu_order":0,"comment_status":"closed","ping_status":"closed","template":"","meta":{"footnotes":""},"class_list":["post-9998","page","type-page","status-publish","hentry"],"_links":{"self":[{"href":"https:\/\/www.eyuboglubuyukatak.av.tr\/en\/wp-json\/wp\/v2\/pages\/9998","targetHints":{"allow":["GET"]}}],"collection":[{"href":"https:\/\/www.eyuboglubuyukatak.av.tr\/en\/wp-json\/wp\/v2\/pages"}],"about":[{"href":"https:\/\/www.eyuboglubuyukatak.av.tr\/en\/wp-json\/wp\/v2\/types\/page"}],"author":[{"embeddable":true,"href":"https:\/\/www.eyuboglubuyukatak.av.tr\/en\/wp-json\/wp\/v2\/users\/1"}],"replies":[{"embeddable":true,"href":"https:\/\/www.eyuboglubuyukatak.av.tr\/en\/wp-json\/wp\/v2\/comments?post=9998"}],"version-history":[{"count":0,"href":"https:\/\/www.eyuboglubuyukatak.av.tr\/en\/wp-json\/wp\/v2\/pages\/9998\/revisions"}],"wp:attachment":[{"href":"https:\/\/www.eyuboglubuyukatak.av.tr\/en\/wp-json\/wp\/v2\/media?parent=9998"}],"curies":[{"name":"wp","href":"https:\/\/api.w.org\/{rel}","templated":true}]}}