{"id":11454,"date":"2026-03-17T20:25:55","date_gmt":"2026-03-17T17:25:55","guid":{"rendered":"https:\/\/www.eyuboglubuyukatak.av.tr\/?page_id=11454"},"modified":"2026-03-17T22:13:32","modified_gmt":"2026-03-17T19:13:32","slug":"ece-aydin","status":"publish","type":"page","link":"https:\/\/www.eyuboglubuyukatak.av.tr\/en\/takim\/ece-aydin\/","title":{"rendered":"Ece Ayd\u0131n"},"content":{"rendered":"<div data-elementor-type=\"wp-page\" data-elementor-id=\"11454\" class=\"elementor elementor-11454\">\n\t\t\t\t\t\t<section class=\"elementor-section elementor-top-section elementor-element elementor-element-50be0f22 elementor-reverse-tablet elementor-section-boxed elementor-section-height-default elementor-section-height-default\" data-id=\"50be0f22\" data-element_type=\"section\" data-settings=\"{&quot;background_background&quot;:&quot;classic&quot;}\">\n\t\t\t\t\t\t<div class=\"elementor-container elementor-column-gap-default\">\n\t\t\t\t\t<div class=\"lqd-css-sticky-column elementor-column elementor-col-50 elementor-top-column elementor-element elementor-element-2f965385 elementor-hidden-mobile\" style=\"--lqd-sticky-offset:50px\" data-id=\"2f965385\" data-element_type=\"column\">\n\t\t\t<div class=\"elementor-widget-wrap elementor-element-populated\">\n\t\t\t\t\t\t<div class=\"elementor-element elementor-element-15a378d8 elementor-widget elementor-widget-ld_fancy_image\" data-id=\"15a378d8\" data-element_type=\"widget\" data-widget_type=\"ld_fancy_image.default\">\n\t\t\t\t<div class=\"elementor-widget-container\">\n\t\t\t\n\t\t<div class=\"lqd-imggrp-single d-block pos-rel\" data-float=\"ease-in-out\">\n\t\t\t<div class=\"lqd-imggrp-img-container d-inline-flex pos-rel align-items-center justify-content-center\">\n\t\t\t\t\t\t\t\t<figure class=\"w-100 pos-rel\">\n\t\t\t\t\t<img decoding=\"async\" src=\"https:\/\/www.eyuboglubuyukatak.av.tr\/wp-content\/uploads\/2024\/10\/Ece-aydin.jpg\" title=\"\" alt=\"\" loading=\"lazy\" \/>\t\t\t\t\t\t\t\t\t\t\t\t\t\t\t\t\t\t\t\t\t\t\t\t\t\t\t\t\t<\/figure>\n\t\t\t<\/div>\n\t\t<\/div>\n\n\t\t\t<\/div>\n\t\t\t\t<\/div>\n\t\t\t\t\t<\/div>\n\t\t<\/div>\n\t\t\t\t<div data-custom-animations=\"true\" data-ca-options=\"{&quot;addChildTimelines&quot;:false,&quot;animationTarget&quot;:&quot;:scope &gt; .elementor-widget-wrap &gt; .elementor-element &gt; .elementor-widget-container, :scope &gt; .elementor-widget-wrap &gt; .elementor-section &gt; .elementor-container &gt; .elementor-column &gt; .elementor-widget-wrap &gt; .elementor-element:not(.lqd-el-has-inner-anim) &gt; .elementor-widget-container, :scope &gt; .elementor-widget-wrap &gt; .elementor-widget-hub_fancy_heading .lqd-split-lines .lqd-lines .split-inner, :scope &gt; .elementor-widget-wrap &gt; .elementor-widget-hub_fancy_heading .lqd-split-words .lqd-words .split-inner, :scope &gt; .elementor-widget-wrap &gt; .elementor-widget-hub_fancy_heading .lqd-split-chars .lqd-chars .split-inner, :scope &gt; .elementor-widget-wrap &gt; .elementor-widget-ld_custom_menu .lqd-fancy-menu &gt; ul &gt; li&quot;,&quot;startDelay&quot;:300,&quot;ease&quot;:[&quot;power4.out&quot;],&quot;initValues&quot;:{&quot;y&quot;:&quot;40px&quot;,&quot;opacity&quot;:0},&quot;animations&quot;:{&quot;y&quot;:&quot;0px&quot;,&quot;opacity&quot;:1}}\" class=\"elementor-column elementor-col-50 elementor-top-column elementor-element elementor-element-6e9ae9c6\" data-id=\"6e9ae9c6\" data-element_type=\"column\">\n\t\t\t<div class=\"elementor-widget-wrap elementor-element-populated\">\n\t\t\t\t\t\t<div class=\"elementor-element elementor-element-2dd0373 elementor-widget elementor-widget-hub_fancy_heading\" data-id=\"2dd0373\" data-element_type=\"widget\" data-widget_type=\"hub_fancy_heading.default\">\n\t\t\t\t<div class=\"elementor-widget-container\">\n\t\t\t\n\t\t<div id=\"ld-fancy-heading-69e1c9ef13786\" class=\"ld-fancy-heading pos-rel\">\n\t\t\t<h2 class=\"ld-fh-element d-inline-block pos-rel  elementor-heading-title lqd-highlight-classic lqd-highlight-grow-left h2\"  > Ece Ayd\u0131n<\/h2>\t\t<\/div>\n\n\t\t\t\t<\/div>\n\t\t\t\t<\/div>\n\t\t\t\t<div class=\"elementor-element elementor-element-8289ffd elementor-widget elementor-widget-text-editor\" data-id=\"8289ffd\" data-element_type=\"widget\" data-widget_type=\"text-editor.default\">\n\t\t\t\t<div class=\"elementor-widget-container\">\n\t\t\t<style>\/*! elementor - v3.21.0 - 26-05-2024 *\/\n.elementor-widget-text-editor.elementor-drop-cap-view-stacked .elementor-drop-cap{background-color:#69727d;color:#fff}.elementor-widget-text-editor.elementor-drop-cap-view-framed .elementor-drop-cap{color:#69727d;border:3px solid;background-color:transparent}.elementor-widget-text-editor:not(.elementor-drop-cap-view-default) .elementor-drop-cap{margin-top:8px}.elementor-widget-text-editor:not(.elementor-drop-cap-view-default) .elementor-drop-cap-letter{width:1em;height:1em}.elementor-widget-text-editor .elementor-drop-cap{float:left;text-align:center;line-height:1;font-size:50px}.elementor-widget-text-editor .elementor-drop-cap-letter{display:inline-block}<\/style>\t\t\t\t<p>Ece Ayd\u0131n graduated from the Faculty of Law at Maltepe University in 2023. During her legal education, she actively participated in both national and international legal events alongside her academic studies. She gained significant practical experience particularly through moot court competitions and legal congresses. Throughout her university years, she also took part in the organization of numerous legal events and conferences, served as a Director of the ILSA Law Club at Maltepe University, and was an active member of the Maltepe University Faculty of Law Club. She was admitted to the Global Principles of the Rule of Law (IGUL) Honors Class Program conducted by Bah\u00e7e\u015fehir University, where she further developed her academic and international perspective in the field of law. During her legal education, she completed several summer and term internships at different law firms, gaining practical experience in various legal disciplines, primarily in private law. She is currently continuing her studies in the Department of Political Science and Public Administration at Istanbul University Faculty of Political Sciences. She has advanced proficiency in English and basic knowledge of German.<\/p><p>Since May 2024, she has been working at Ey\u00fcbo\u011flu &amp; B\u00fcy\u00fckatak Law Firm, where she provides legal consultancy services to both local and international clients, mainly in the fields of real estate law, labor law, and citizenship law.<\/p>\t\t\t\t\t\t<\/div>\n\t\t\t\t<\/div>\n\t\t\t\t<div class=\"elementor-element elementor-element-6d49919e elementor-widget elementor-widget-spacer\" data-id=\"6d49919e\" data-element_type=\"widget\" data-widget_type=\"spacer.default\">\n\t\t\t\t<div class=\"elementor-widget-container\">\n\t\t\t<style>\/*! elementor - v3.21.0 - 26-05-2024 *\/\n.elementor-column .elementor-spacer-inner{height:var(--spacer-size)}.e-con{--container-widget-width:100%}.e-con-inner>.elementor-widget-spacer,.e-con>.elementor-widget-spacer{width:var(--container-widget-width,var(--spacer-size));--align-self:var(--container-widget-align-self,initial);--flex-shrink:0}.e-con-inner>.elementor-widget-spacer>.elementor-widget-container,.e-con>.elementor-widget-spacer>.elementor-widget-container{height:100%;width:100%}.e-con-inner>.elementor-widget-spacer>.elementor-widget-container>.elementor-spacer,.e-con>.elementor-widget-spacer>.elementor-widget-container>.elementor-spacer{height:100%}.e-con-inner>.elementor-widget-spacer>.elementor-widget-container>.elementor-spacer>.elementor-spacer-inner,.e-con>.elementor-widget-spacer>.elementor-widget-container>.elementor-spacer>.elementor-spacer-inner{height:var(--container-widget-height,var(--spacer-size))}.e-con-inner>.elementor-widget-spacer.elementor-widget-empty,.e-con>.elementor-widget-spacer.elementor-widget-empty{position:relative;min-height:22px;min-width:22px}.e-con-inner>.elementor-widget-spacer.elementor-widget-empty .elementor-widget-empty-icon,.e-con>.elementor-widget-spacer.elementor-widget-empty .elementor-widget-empty-icon{position:absolute;top:0;bottom:0;left:0;right:0;margin:auto;padding:0;width:22px;height:22px}<\/style>\t\t<div class=\"elementor-spacer\">\n\t\t\t<div class=\"elementor-spacer-inner\"><\/div>\n\t\t<\/div>\n\t\t\t\t<\/div>\n\t\t\t\t<\/div>\n\t\t\t\t\t<\/div>\n\t\t<\/div>\n\t\t\t\t\t<\/div>\n\t\t<\/section>\n\t\t\t\t<\/div>","protected":false},"excerpt":{"rendered":"<p>[{&#8220;id&#8221;:&#8221;50be0f22&#8243;,&#8221;elType&#8221;:&#8221;section&#8221;,&#8221;settings&#8221;:{&#8220;structure&#8221;:&#8221;20&#8243;,&#8221;padding&#8221;:{&#8220;unit&#8221;:&#8221;px&#8221;,&#8221;top&#8221;:&#8221;100&#8243;,&#8221;right&#8221;:&#8221;0&#8243;,&#8221;bottom&#8221;:&#8221;80&#8243;,&#8221;left&#8221;:&#8221;0&#8243;,&#8221;isLinked&#8221;:false},&#8221;lqd_parallax_settings_trigger_start&#8221;:&#8221;top bottom&#8221;,&#8221;lqd_parallax_settings_trigger_end&#8221;:&#8221;bottom top&#8221;,&#8221;padding_tablet&#8221;:{&#8220;unit&#8221;:&#8221;px&#8221;,&#8221;top&#8221;:&#8221;50&#8243;,&#8221;right&#8221;:&#8221;40&#8243;,&#8221;bottom&#8221;:&#8221;50&#8243;,&#8221;left&#8221;:&#8221;40&#8243;,&#8221;isLinked&#8221;:false},&#8221;padding_mobile&#8221;:{&#8220;unit&#8221;:&#8221;px&#8221;,&#8221;top&#8221;:&#8221;40&#8243;,&#8221;right&#8221;:&#8221;20&#8243;,&#8221;bottom&#8221;:&#8221;40&#8243;,&#8221;left&#8221;:&#8221;20&#8243;,&#8221;isLinked&#8221;:false},&#8221;reverse_order_tablet&#8221;:&#8221;reverse-tablet&#8221;,&#8221;background_background&#8221;:&#8221;classic&#8221;,&#8221;background_color&#8221;:&#8221;#FFFFFF&#8221;,&#8221;lqd_sticky_row_offset&#8221;:&#8221;0px&#8221;},&#8221;elements&#8221;:[{&#8220;id&#8221;:&#8221;2f965385&#8243;,&#8221;elType&#8221;:&#8221;column&#8221;,&#8221;settings&#8221;:{&#8220;_column_size&#8221;:50,&#8221;_inline_size&#8221;:35,&#8221;lqd_parallax_settings_trigger_start&#8221;:&#8221;top bottom&#8221;,&#8221;lqd_parallax_settings_trigger_end&#8221;:&#8221;bottom top&#8221;,&#8221;sticky_column_offset&#8221;:&#8221;50px&#8221;,&#8221;enable_sticky_column&#8221;:&#8221;yes&#8221;,&#8221;_inline_size_tablet&#8221;:100,&#8221;hide_mobile&#8221;:&#8221;hidden-mobile&#8221;},&#8221;elements&#8221;:[{&#8220;id&#8221;:&#8221;15a378d8&#8243;,&#8221;elType&#8221;:&#8221;widget&#8221;,&#8221;settings&#8221;:{&#8220;image&#8221;:{&#8220;id&#8221;:10709,&#8221;url&#8221;:&#8221;https:\/\/www.eyuboglubuyukatak.av.tr\/wp-content\/uploads\/2024\/10\/Ece-aydin.jpg&#8221;,&#8221;alt&#8221;:&#8221;&#8221;,&#8221;source&#8221;:&#8221;library&#8221;,&#8221;size&#8221;:&#8221;&#8221;},&#8221;float_animate_from&#8221;:&#8221;0%&#8221;,&#8221;float_animate_to&#8221;:&#8221;1%&#8221;,&#8221;float_delay&#8221;:&#8221;0s&#8221;,&#8221;hover3d_stacking_factor&#8221;:&#8221;1&#8243;,&#8221;lines_count&#8221;:&#8221;3&#8243;,&#8221;lqd_parallax_settings_trigger_start&#8221;:&#8221;top bottom&#8221;,&#8221;lqd_parallax_settings_trigger_end&#8221;:&#8221;bottom top&#8221;,&#8221;enable_float_effect&#8221;:&#8221;yes&#8221;,&#8221;float_easing&#8221;:&#8221;ease-in-out&#8221;,&#8221;thumbnail_size&#8221;:&#8221;large&#8221;,&#8221;image_align&#8221;:&#8221;center&#8221;},&#8221;elements&#8221;:[],&#8221;widgetType&#8221;:&#8221;ld_fancy_image&#8221;}],&#8221;isInner&#8221;:false},{&#8220;id&#8221;:&#8221;6e9ae9c6&#8243;,&#8221;elType&#8221;:&#8221;column&#8221;,&#8221;settings&#8221;:{&#8220;_column_size&#8221;:50,&#8221;_inline_size&#8221;:65,&#8221;lqd_parallax_settings_trigger_start&#8221;:&#8221;top bottom&#8221;,&#8221;lqd_parallax_settings_trigger_end&#8221;:&#8221;top center&#8221;,&#8221;sticky_column_offset&#8221;:&#8221;30px&#8221;,&#8221;margin&#8221;:{&#8220;unit&#8221;:&#8221;px&#8221;,&#8221;top&#8221;:&#8221;0&#8243;,&#8221;right&#8221;:&#8221;20&#8243;,&#8221;bottom&#8221;:&#8221;0&#8243;,&#8221;left&#8221;:&#8221;30&#8243;,&#8221;isLinked&#8221;:false},&#8221;lqd_custom_animation&#8221;:&#8221;yes&#8221;,&#8221;lqd_ca_from_y&#8221;:{&#8220;unit&#8221;:&#8221;px&#8221;,&#8221;size&#8221;:40,&#8221;sizes&#8221;:[]},&#8221;lqd_ca_from_opacity&#8221;:{&#8220;unit&#8221;:&#8221;px&#8221;,&#8221;size&#8221;:0,&#8221;sizes&#8221;:[]},&#8221;_inline_size_tablet&#8221;:100,&#8221;margin_tablet&#8221;:{&#8220;unit&#8221;:&#8221;px&#8221;,&#8221;top&#8221;:&#8221;0&#8243;,&#8221;right&#8221;:&#8221;0&#8243;,&#8221;bottom&#8221;:&#8221;0&#8243;,&#8221;left&#8221;:&#8221;0&#8243;,&#8221;isLinked&#8221;:true},&#8221;lqd_parallax_settings_trigger&#8221;:&#8221;custom&#8221;,&#8221;lqd_parallax_from_opacity&#8221;:{&#8220;unit&#8221;:&#8221;px&#8221;,&#8221;size&#8221;:0.1,&#8221;sizes&#8221;:[]},&#8221;lqd_ca_settings_start_delay&#8221;:{&#8220;unit&#8221;:&#8221;px&#8221;,&#8221;size&#8221;:0.3,&#8221;sizes&#8221;:[]}},&#8221;elements&#8221;:[{&#8220;id&#8221;:&#8221;2dd0373&#8243;,&#8221;elType&#8221;:&#8221;widget&#8221;,&#8221;settings&#8221;:{&#8220;content&#8221;:&#8221;Ece Aydu0131n&#8221;,&#8221;items&#8221;:[],&#8221;highlight_height&#8221;:&#8221;0.275em&#8221;,&#8221;highlight_offset&#8221;:&#8221;0em&#8221;,&#8221;hover_text_outline_width&#8221;:&#8221;2px&#8221;,&#8221;lqd_parallax_settings_trigger_start&#8221;:&#8221;top bottom&#8221;,&#8221;lqd_parallax_settings_trigger_end&#8221;:&#8221;bottom top&#8221;,&#8221;advanced_text_content&#8221;:[{&#8220;text&#8221;:&#8221;Title #1&#8243;,&#8221;_id&#8221;:&#8221;d8b6247&#8243;},{&#8220;text&#8221;:&#8221;Title #2&#8243;,&#8221;_id&#8221;:&#8221;1a40030&#8243;}],&#8221;content_typography_typography&#8221;:&#8221;custom&#8221;,&#8221;content_typography_font_size&#8221;:{&#8220;unit&#8221;:&#8221;px&#8221;,&#8221;size&#8221;:32,&#8221;sizes&#8221;:[]},&#8221;highlight_offset_left&#8221;:&#8221;0em&#8221;},&#8221;elements&#8221;:[],&#8221;widgetType&#8221;:&#8221;hub_fancy_heading&#8221;},{&#8220;id&#8221;:&#8221;8289ffd&#8221;,&#8221;elType&#8221;:&#8221;widget&#8221;,&#8221;settings&#8221;:{&#8220;editor&#8221;:&#8221; Ece Aydu0131n, 2023 yu0131lu0131nda Maltepe u00dcniversitesi Hukuk Faku00fcltesiu2019nden mezun olmuu015ftur. Hukuk eu011fitimi su00fcresince akademik u00e7alu0131u015fmalaru0131n yanu0131 su0131ra ulusal ve uluslararasu0131 hukuk etkinliklerinde aktif rol almu0131u015f; u00f6zellikle farazi dava yaru0131u015fmalaru0131 (moot court) ve hukuk kongrelerinde gu00f6rev alarak uygulamaya yu00f6nelik u00f6nemli deneyimler kazanmu0131u015ftu0131r. [&hellip;]<\/p>","protected":false},"author":1,"featured_media":0,"parent":3658,"menu_order":0,"comment_status":"closed","ping_status":"closed","template":"","meta":{"footnotes":""},"class_list":["post-11454","page","type-page","status-publish","hentry"],"_links":{"self":[{"href":"https:\/\/www.eyuboglubuyukatak.av.tr\/en\/wp-json\/wp\/v2\/pages\/11454","targetHints":{"allow":["GET"]}}],"collection":[{"href":"https:\/\/www.eyuboglubuyukatak.av.tr\/en\/wp-json\/wp\/v2\/pages"}],"about":[{"href":"https:\/\/www.eyuboglubuyukatak.av.tr\/en\/wp-json\/wp\/v2\/types\/page"}],"author":[{"embeddable":true,"href":"https:\/\/www.eyuboglubuyukatak.av.tr\/en\/wp-json\/wp\/v2\/users\/1"}],"replies":[{"embeddable":true,"href":"https:\/\/www.eyuboglubuyukatak.av.tr\/en\/wp-json\/wp\/v2\/comments?post=11454"}],"version-history":[{"count":1,"href":"https:\/\/www.eyuboglubuyukatak.av.tr\/en\/wp-json\/wp\/v2\/pages\/11454\/revisions"}],"predecessor-version":[{"id":11460,"href":"https:\/\/www.eyuboglubuyukatak.av.tr\/en\/wp-json\/wp\/v2\/pages\/11454\/revisions\/11460"}],"up":[{"embeddable":true,"href":"https:\/\/www.eyuboglubuyukatak.av.tr\/en\/wp-json\/wp\/v2\/pages\/3658"}],"wp:attachment":[{"href":"https:\/\/www.eyuboglubuyukatak.av.tr\/en\/wp-json\/wp\/v2\/media?parent=11454"}],"curies":[{"name":"wp","href":"https:\/\/api.w.org\/{rel}","templated":true}]}}