{"id":11434,"date":"2026-03-17T12:29:42","date_gmt":"2026-03-17T09:29:42","guid":{"rendered":"https:\/\/www.eyuboglubuyukatak.av.tr\/?page_id=11434"},"modified":"2026-03-19T11:44:01","modified_gmt":"2026-03-19T08:44:01","slug":"elif-beyza-sahin","status":"publish","type":"page","link":"https:\/\/www.eyuboglubuyukatak.av.tr\/en\/takim\/elif-beyza-sahin\/","title":{"rendered":"Elif Beyza \u015eahin"},"content":{"rendered":"<div data-elementor-type=\"wp-page\" data-elementor-id=\"11434\" class=\"elementor elementor-11434\">\n\t\t\t\t\t\t<section class=\"elementor-section elementor-top-section elementor-element elementor-element-50be0f22 elementor-reverse-tablet elementor-section-boxed elementor-section-height-default elementor-section-height-default\" data-id=\"50be0f22\" data-element_type=\"section\" data-settings=\"{&quot;background_background&quot;:&quot;classic&quot;}\">\n\t\t\t\t\t\t<div class=\"elementor-container elementor-column-gap-default\">\n\t\t\t\t\t<div class=\"lqd-css-sticky-column elementor-column elementor-col-50 elementor-top-column elementor-element elementor-element-2f965385 elementor-hidden-mobile\" style=\"--lqd-sticky-offset:50px\" data-id=\"2f965385\" data-element_type=\"column\">\n\t\t\t<div class=\"elementor-widget-wrap elementor-element-populated\">\n\t\t\t\t\t\t<div class=\"elementor-element elementor-element-15a378d8 elementor-widget elementor-widget-ld_fancy_image\" data-id=\"15a378d8\" data-element_type=\"widget\" data-widget_type=\"ld_fancy_image.default\">\n\t\t\t\t<div class=\"elementor-widget-container\">\n\t\t\t\n\t\t<div class=\"lqd-imggrp-single d-block pos-rel\" data-float=\"ease-in-out\">\n\t\t\t<div class=\"lqd-imggrp-img-container d-inline-flex pos-rel align-items-center justify-content-center\">\n\t\t\t\t\t\t\t\t<figure class=\"w-100 pos-rel\">\n\t\t\t\t\t<img fetchpriority=\"high\" decoding=\"async\" width=\"768\" height=\"1024\" src=\"https:\/\/www.eyuboglubuyukatak.av.tr\/wp-content\/uploads\/2025\/03\/Elif-Beyza-Sahin-768x1024.jpg\" class=\"attachment-large size-large wp-image-11234\" alt=\"\" srcset=\"https:\/\/www.eyuboglubuyukatak.av.tr\/wp-content\/uploads\/2025\/03\/Elif-Beyza-Sahin-768x1024.jpg 768w, https:\/\/www.eyuboglubuyukatak.av.tr\/wp-content\/uploads\/2025\/03\/Elif-Beyza-Sahin-225x300.jpg 225w, https:\/\/www.eyuboglubuyukatak.av.tr\/wp-content\/uploads\/2025\/03\/Elif-Beyza-Sahin-9x12.jpg 9w, https:\/\/www.eyuboglubuyukatak.av.tr\/wp-content\/uploads\/2025\/03\/Elif-Beyza-Sahin-1152x1536.jpg 1152w, https:\/\/www.eyuboglubuyukatak.av.tr\/wp-content\/uploads\/2025\/03\/Elif-Beyza-Sahin-1536x2048.jpg 1536w\" sizes=\"(max-width: 768px) 100vw, 768px\" itemprop=\"image\" \/>\t\t\t\t\t\t\t\t\t\t\t\t\t\t\t\t\t\t\t\t\t\t\t\t\t\t\t\t\t<\/figure>\n\t\t\t<\/div>\n\t\t<\/div>\n\n\t\t\t<\/div>\n\t\t\t\t<\/div>\n\t\t\t\t\t<\/div>\n\t\t<\/div>\n\t\t\t\t<div data-custom-animations=\"true\" data-ca-options=\"{&quot;addChildTimelines&quot;:false,&quot;animationTarget&quot;:&quot;:scope &gt; .elementor-widget-wrap &gt; .elementor-element &gt; .elementor-widget-container, :scope &gt; .elementor-widget-wrap &gt; .elementor-section &gt; .elementor-container &gt; .elementor-column &gt; .elementor-widget-wrap &gt; .elementor-element:not(.lqd-el-has-inner-anim) &gt; .elementor-widget-container, :scope &gt; .elementor-widget-wrap &gt; .elementor-widget-hub_fancy_heading .lqd-split-lines .lqd-lines .split-inner, :scope &gt; .elementor-widget-wrap &gt; .elementor-widget-hub_fancy_heading .lqd-split-words .lqd-words .split-inner, :scope &gt; .elementor-widget-wrap &gt; .elementor-widget-hub_fancy_heading .lqd-split-chars .lqd-chars .split-inner, :scope &gt; .elementor-widget-wrap &gt; .elementor-widget-ld_custom_menu .lqd-fancy-menu &gt; ul &gt; li&quot;,&quot;startDelay&quot;:300,&quot;ease&quot;:[&quot;power4.out&quot;],&quot;initValues&quot;:{&quot;y&quot;:&quot;40px&quot;,&quot;opacity&quot;:0},&quot;animations&quot;:{&quot;y&quot;:&quot;0px&quot;,&quot;opacity&quot;:1}}\" class=\"elementor-column elementor-col-50 elementor-top-column elementor-element elementor-element-6e9ae9c6\" data-id=\"6e9ae9c6\" data-element_type=\"column\">\n\t\t\t<div class=\"elementor-widget-wrap elementor-element-populated\">\n\t\t\t\t\t\t<div class=\"elementor-element elementor-element-2dd0373 elementor-widget elementor-widget-hub_fancy_heading\" data-id=\"2dd0373\" data-element_type=\"widget\" data-widget_type=\"hub_fancy_heading.default\">\n\t\t\t\t<div class=\"elementor-widget-container\">\n\t\t\t\n\t\t<div id=\"ld-fancy-heading-69e1c9dbddd25\" class=\"ld-fancy-heading pos-rel\">\n\t\t\t<h2 class=\"ld-fh-element d-inline-block pos-rel  elementor-heading-title lqd-highlight-classic lqd-highlight-grow-left h2\"  > Elif Beyza \u015eahin<\/h2>\t\t<\/div>\n\n\t\t\t\t<\/div>\n\t\t\t\t<\/div>\n\t\t\t\t<div class=\"elementor-element elementor-element-8289ffd elementor-widget elementor-widget-text-editor\" data-id=\"8289ffd\" data-element_type=\"widget\" data-widget_type=\"text-editor.default\">\n\t\t\t\t<div class=\"elementor-widget-container\">\n\t\t\t<style>\/*! elementor - v3.21.0 - 26-05-2024 *\/\n.elementor-widget-text-editor.elementor-drop-cap-view-stacked .elementor-drop-cap{background-color:#69727d;color:#fff}.elementor-widget-text-editor.elementor-drop-cap-view-framed .elementor-drop-cap{color:#69727d;border:3px solid;background-color:transparent}.elementor-widget-text-editor:not(.elementor-drop-cap-view-default) .elementor-drop-cap{margin-top:8px}.elementor-widget-text-editor:not(.elementor-drop-cap-view-default) .elementor-drop-cap-letter{width:1em;height:1em}.elementor-widget-text-editor .elementor-drop-cap{float:left;text-align:center;line-height:1;font-size:50px}.elementor-widget-text-editor .elementor-drop-cap-letter{display:inline-block}<\/style>\t\t\t\t<p>Elif Beyza \u015eahin graduated with honors from Istanbul University Faculty of Law in 2024. Throughout her education, she gained experience in legal practice through internships at reputable law firms. Elif has a good command of English and a basic knowledge of French. She has also increased her knowledge in many areas and earned certificates by participating in national and international legal events related to her professional life. In September 2024, she demonstrated outstanding success in the first-ever Bar Admission Exam and began her legal internship at the Istanbul Bar Association. Elif, who has been a member of our team since the beginning of her legal internship, continues to practice as an attorney at Ey\u00fcbo\u011flu &amp; B\u00fcy\u00fckatak, primarily in the areas of Citizenship Law, Foreigners Law, Real Estate Law, Enforcement and Bankruptcy Law, Corporate Law, and Labor Law.<\/p>\t\t\t\t\t\t<\/div>\n\t\t\t\t<\/div>\n\t\t\t\t<div class=\"elementor-element elementor-element-6d49919e elementor-widget elementor-widget-spacer\" data-id=\"6d49919e\" data-element_type=\"widget\" data-widget_type=\"spacer.default\">\n\t\t\t\t<div class=\"elementor-widget-container\">\n\t\t\t<style>\/*! elementor - v3.21.0 - 26-05-2024 *\/\n.elementor-column .elementor-spacer-inner{height:var(--spacer-size)}.e-con{--container-widget-width:100%}.e-con-inner>.elementor-widget-spacer,.e-con>.elementor-widget-spacer{width:var(--container-widget-width,var(--spacer-size));--align-self:var(--container-widget-align-self,initial);--flex-shrink:0}.e-con-inner>.elementor-widget-spacer>.elementor-widget-container,.e-con>.elementor-widget-spacer>.elementor-widget-container{height:100%;width:100%}.e-con-inner>.elementor-widget-spacer>.elementor-widget-container>.elementor-spacer,.e-con>.elementor-widget-spacer>.elementor-widget-container>.elementor-spacer{height:100%}.e-con-inner>.elementor-widget-spacer>.elementor-widget-container>.elementor-spacer>.elementor-spacer-inner,.e-con>.elementor-widget-spacer>.elementor-widget-container>.elementor-spacer>.elementor-spacer-inner{height:var(--container-widget-height,var(--spacer-size))}.e-con-inner>.elementor-widget-spacer.elementor-widget-empty,.e-con>.elementor-widget-spacer.elementor-widget-empty{position:relative;min-height:22px;min-width:22px}.e-con-inner>.elementor-widget-spacer.elementor-widget-empty .elementor-widget-empty-icon,.e-con>.elementor-widget-spacer.elementor-widget-empty .elementor-widget-empty-icon{position:absolute;top:0;bottom:0;left:0;right:0;margin:auto;padding:0;width:22px;height:22px}<\/style>\t\t<div class=\"elementor-spacer\">\n\t\t\t<div class=\"elementor-spacer-inner\"><\/div>\n\t\t<\/div>\n\t\t\t\t<\/div>\n\t\t\t\t<\/div>\n\t\t\t\t\t<\/div>\n\t\t<\/div>\n\t\t\t\t\t<\/div>\n\t\t<\/section>\n\t\t\t\t<\/div>","protected":false},"excerpt":{"rendered":"<p>Elif Beyza \u015eahin Elif Beyza \u015eahin, 2024 y\u0131l\u0131nda \u0130stanbul \u00dcniversitesi Hukuk Fak\u00fcltesi\u2019nden onur \u00f6\u011frencisi s\u0131fat\u0131yla mezun olmu\u015ftur. E\u011fitim hayat\u0131 boyunca sayg\u0131n hukuk b\u00fcrolar\u0131nda yapt\u0131\u011f\u0131 stajlarla hukuk prati\u011fi noktas\u0131nda deneyimler edinen Elif, iyi seviyede \u0130ngilizce ve temel seviyesinde Frans\u0131zca bilgisine sahiptir. Ayr\u0131ca meslek hayat\u0131na y\u00f6nelik kat\u0131ld\u0131\u011f\u0131 ulusal ve uluslararas\u0131 hukuki etkinliklerle pek \u00e7ok alanda bilgi birikimini [&hellip;]<\/p>","protected":false},"author":1,"featured_media":0,"parent":3658,"menu_order":0,"comment_status":"closed","ping_status":"closed","template":"","meta":{"footnotes":""},"class_list":["post-11434","page","type-page","status-publish","hentry"],"_links":{"self":[{"href":"https:\/\/www.eyuboglubuyukatak.av.tr\/en\/wp-json\/wp\/v2\/pages\/11434","targetHints":{"allow":["GET"]}}],"collection":[{"href":"https:\/\/www.eyuboglubuyukatak.av.tr\/en\/wp-json\/wp\/v2\/pages"}],"about":[{"href":"https:\/\/www.eyuboglubuyukatak.av.tr\/en\/wp-json\/wp\/v2\/types\/page"}],"author":[{"embeddable":true,"href":"https:\/\/www.eyuboglubuyukatak.av.tr\/en\/wp-json\/wp\/v2\/users\/1"}],"replies":[{"embeddable":true,"href":"https:\/\/www.eyuboglubuyukatak.av.tr\/en\/wp-json\/wp\/v2\/comments?post=11434"}],"version-history":[{"count":10,"href":"https:\/\/www.eyuboglubuyukatak.av.tr\/en\/wp-json\/wp\/v2\/pages\/11434\/revisions"}],"predecessor-version":[{"id":11587,"href":"https:\/\/www.eyuboglubuyukatak.av.tr\/en\/wp-json\/wp\/v2\/pages\/11434\/revisions\/11587"}],"up":[{"embeddable":true,"href":"https:\/\/www.eyuboglubuyukatak.av.tr\/en\/wp-json\/wp\/v2\/pages\/3658"}],"wp:attachment":[{"href":"https:\/\/www.eyuboglubuyukatak.av.tr\/en\/wp-json\/wp\/v2\/media?parent=11434"}],"curies":[{"name":"wp","href":"https:\/\/api.w.org\/{rel}","templated":true}]}}