{"id":11167,"date":"2025-03-20T15:46:06","date_gmt":"2025-03-20T12:46:06","guid":{"rendered":"https:\/\/www.eyuboglubuyukatak.av.tr\/?page_id=11167"},"modified":"2025-03-20T15:50:45","modified_gmt":"2025-03-20T12:50:45","slug":"perakende-hukuku","status":"publish","type":"page","link":"https:\/\/www.eyuboglubuyukatak.av.tr\/en\/perakende-hukuku\/","title":{"rendered":"Perakende Hukuku"},"content":{"rendered":"<div data-elementor-type=\"wp-page\" data-elementor-id=\"11167\" class=\"elementor elementor-11167\">\n\t\t\t\t<div class=\"elementor-element elementor-element-b750c8a e-flex e-con-boxed e-con e-parent\" data-id=\"b750c8a\" data-element_type=\"container\">\n\t\t\t\t\t<div class=\"e-con-inner\">\n\t\t<div class=\"elementor-element elementor-element-5387afb e-con-full e-flex e-con e-child\" data-id=\"5387afb\" data-element_type=\"container\">\n\t\t\t\t<div class=\"elementor-element elementor-element-f252462 elementor-widget elementor-widget-image\" data-id=\"f252462\" data-element_type=\"widget\" data-widget_type=\"image.default\">\n\t\t\t\t<div class=\"elementor-widget-container\">\n\t\t\t<style>\/*! elementor - v3.21.0 - 26-05-2024 *\/\n.elementor-widget-image{text-align:center}.elementor-widget-image a{display:inline-block}.elementor-widget-image a img[src$=\".svg\"]{width:48px}.elementor-widget-image img{vertical-align:middle;display:inline-block}<\/style>\t\t\t\t\t\t\t\t\t\t<img fetchpriority=\"high\" decoding=\"async\" width=\"585\" height=\"435\" src=\"https:\/\/www.eyuboglubuyukatak.av.tr\/wp-content\/uploads\/2023\/12\/sirket.png\" class=\"attachment-large size-large wp-image-9349\" alt=\"\" srcset=\"https:\/\/www.eyuboglubuyukatak.av.tr\/wp-content\/uploads\/2023\/12\/sirket.png 585w, https:\/\/www.eyuboglubuyukatak.av.tr\/wp-content\/uploads\/2023\/12\/sirket-300x223.png 300w, https:\/\/www.eyuboglubuyukatak.av.tr\/wp-content\/uploads\/2023\/12\/sirket-16x12.png 16w\" sizes=\"(max-width: 585px) 100vw, 585px\" \/>\t\t\t\t\t\t\t\t\t\t\t\t\t<\/div>\n\t\t\t\t<\/div>\n\t\t\t\t<\/div>\n\t\t<div class=\"elementor-element elementor-element-e73a3a8 e-con-full e-flex e-con e-child\" data-id=\"e73a3a8\" data-element_type=\"container\">\n\t\t\t\t<div class=\"elementor-element elementor-element-4eef2ab elementor-widget elementor-widget-hub_fancy_heading\" data-id=\"4eef2ab\" data-element_type=\"widget\" data-widget_type=\"hub_fancy_heading.default\">\n\t\t\t\t<div class=\"elementor-widget-container\">\n\t\t\t\n\t\t<div id=\"ld-fancy-heading-69f3de043df3b\" class=\"ld-fancy-heading pos-rel\">\n\t\t\t<h4 class=\"ld-fh-element d-inline-block pos-rel  elementor-heading-title lqd-highlight-classic lqd-highlight-grow-left h4\"  > Perakende Hukuku<\/h4>\t\t<\/div>\n\n\t\t\t\t<\/div>\n\t\t\t\t<\/div>\n\t\t\t\t<div class=\"elementor-element elementor-element-b1868e3 elementor-widget elementor-widget-text-editor\" data-id=\"b1868e3\" data-element_type=\"widget\" data-widget_type=\"text-editor.default\">\n\t\t\t\t<div class=\"elementor-widget-container\">\n\t\t\t<style>\/*! elementor - v3.21.0 - 26-05-2024 *\/\n.elementor-widget-text-editor.elementor-drop-cap-view-stacked .elementor-drop-cap{background-color:#69727d;color:#fff}.elementor-widget-text-editor.elementor-drop-cap-view-framed .elementor-drop-cap{color:#69727d;border:3px solid;background-color:transparent}.elementor-widget-text-editor:not(.elementor-drop-cap-view-default) .elementor-drop-cap{margin-top:8px}.elementor-widget-text-editor:not(.elementor-drop-cap-view-default) .elementor-drop-cap-letter{width:1em;height:1em}.elementor-widget-text-editor .elementor-drop-cap{float:left;text-align:center;line-height:1;font-size:50px}.elementor-widget-text-editor .elementor-drop-cap-letter{display:inline-block}<\/style>\t\t\t\t<p>Perakendenin g\u00fcc\u00fcne inan\u0131yoruz, g\u00fcnceli s\u0131k\u0131 \u015fekilde takip ediyoruz. Ey\u00fcbo\u011flu B\u00fcy\u00fckatak, perakende ticaret kapsam\u0131ndaki t\u00fcm hukuki s\u00fcre\u00e7leri, markalar\u0131n sat\u0131n almas\u0131, \u00fcretimi, sat\u0131\u015f\u0131, \u00fc\u00e7\u00fcnc\u00fc taraf hizmet sa\u011flay\u0131c\u0131larla ili\u015fkileri, mesafeli sat\u0131\u015flarda ve perakende ticarete ili\u015fkin di\u011fer t\u00fcm s\u00fcre\u00e7lerde m\u00fcvekkilleri ile uyum i\u00e7inde hareket eder.<\/p><p>Perakende ticaretin kurallar\u0131n\u0131n adeta yenden yaz\u0131lmaya ba\u015fland\u0131\u011f\u0131 bu yeni d\u00f6nemde m\u00fcvekkillerini s\u00fcrekli g\u00fcncellenen mevzuatlar konusunda bilgilendirirken di\u011fer taraftan bu g\u00fcncellemelerin do\u011furabilece\u011fi olumsuz sonu\u00e7lardan da m\u00fcvekkillerini uzak tutmak i\u00e7in gerekli tedbirleri al\u0131r.<\/p><p>Bir\u00e7ok ulusal ve uluslararas\u0131 markaya dan\u0131\u015fmanl\u0131k veren b\u00fcromuz, perakende sekt\u00f6r\u00fcn\u00fcn b\u00fct\u00fcn oyuncular\u0131 ile her zaman etkile\u015fim i\u00e7inde kalmakta ve sadece mevzuat olarak de\u011fil, uygulama bak\u0131m\u0131ndan da bug\u00fcn\u00fc yakalama konusunda olduk\u00e7a titiz hareket etmektedir. <\/p>\t\t\t\t\t\t<\/div>\n\t\t\t\t<\/div>\n\t\t\t\t<\/div>\n\t\t\t\t\t<\/div>\n\t\t\t\t<\/div>\n\t\t\t\t<\/div>","protected":false},"excerpt":{"rendered":"<p>Perakende Hukuku Perakendenin g\u00fcc\u00fcne inan\u0131yoruz, g\u00fcnceli s\u0131k\u0131 \u015fekilde takip ediyoruz. Ey\u00fcbo\u011flu B\u00fcy\u00fckatak, perakende ticaret kapsam\u0131ndaki t\u00fcm hukuki s\u00fcre\u00e7leri, markalar\u0131n sat\u0131n almas\u0131, \u00fcretimi, sat\u0131\u015f\u0131, \u00fc\u00e7\u00fcnc\u00fc taraf hizmet sa\u011flay\u0131c\u0131larla ili\u015fkileri, mesafeli sat\u0131\u015flarda ve perakende ticarete ili\u015fkin di\u011fer t\u00fcm s\u00fcre\u00e7lerde m\u00fcvekkilleri ile uyum i\u00e7inde hareket eder. Perakende ticaretin kurallar\u0131n\u0131n adeta yenden yaz\u0131lmaya ba\u015fland\u0131\u011f\u0131 bu yeni d\u00f6nemde m\u00fcvekkillerini s\u00fcrekli [&hellip;]<\/p>","protected":false},"author":1,"featured_media":0,"parent":0,"menu_order":0,"comment_status":"closed","ping_status":"closed","template":"","meta":{"footnotes":""},"class_list":["post-11167","page","type-page","status-publish","hentry"],"_links":{"self":[{"href":"https:\/\/www.eyuboglubuyukatak.av.tr\/en\/wp-json\/wp\/v2\/pages\/11167","targetHints":{"allow":["GET"]}}],"collection":[{"href":"https:\/\/www.eyuboglubuyukatak.av.tr\/en\/wp-json\/wp\/v2\/pages"}],"about":[{"href":"https:\/\/www.eyuboglubuyukatak.av.tr\/en\/wp-json\/wp\/v2\/types\/page"}],"author":[{"embeddable":true,"href":"https:\/\/www.eyuboglubuyukatak.av.tr\/en\/wp-json\/wp\/v2\/users\/1"}],"replies":[{"embeddable":true,"href":"https:\/\/www.eyuboglubuyukatak.av.tr\/en\/wp-json\/wp\/v2\/comments?post=11167"}],"version-history":[{"count":4,"href":"https:\/\/www.eyuboglubuyukatak.av.tr\/en\/wp-json\/wp\/v2\/pages\/11167\/revisions"}],"predecessor-version":[{"id":11172,"href":"https:\/\/www.eyuboglubuyukatak.av.tr\/en\/wp-json\/wp\/v2\/pages\/11167\/revisions\/11172"}],"wp:attachment":[{"href":"https:\/\/www.eyuboglubuyukatak.av.tr\/en\/wp-json\/wp\/v2\/media?parent=11167"}],"curies":[{"name":"wp","href":"https:\/\/api.w.org\/{rel}","templated":true}]}}