{"id":10268,"date":"2024-09-03T17:05:49","date_gmt":"2024-09-03T14:05:49","guid":{"rendered":"https:\/\/www.eyuboglubuyukatak.av.tr\/?page_id=10268"},"modified":"2024-09-03T17:06:29","modified_gmt":"2024-09-03T14:06:29","slug":"icra-ve-iflas-hukuku","status":"publish","type":"page","link":"https:\/\/www.eyuboglubuyukatak.av.tr\/en\/hizmet-alanlari\/icra-ve-iflas-hukuku\/","title":{"rendered":"Enforcement and Bankruptcy Law"},"content":{"rendered":"<div data-elementor-type=\"wp-page\" data-elementor-id=\"10268\" class=\"elementor elementor-10268\">\n\t\t\t\t<div class=\"elementor-element elementor-element-f48b33e e-flex e-con-boxed e-con e-parent\" data-id=\"f48b33e\" data-element_type=\"container\">\n\t\t\t\t\t<div class=\"e-con-inner\">\n\t\t<div class=\"elementor-element elementor-element-f74c4e0 e-con-full e-flex e-con e-child\" data-id=\"f74c4e0\" data-element_type=\"container\">\n\t\t\t\t<div class=\"elementor-element elementor-element-d1bd5ba elementor-widget elementor-widget-image\" data-id=\"d1bd5ba\" data-element_type=\"widget\" data-widget_type=\"image.default\">\n\t\t\t\t<div class=\"elementor-widget-container\">\n\t\t\t<style>\/*! elementor - v3.21.0 - 26-05-2024 *\/\n.elementor-widget-image{text-align:center}.elementor-widget-image a{display:inline-block}.elementor-widget-image a img[src$=\".svg\"]{width:48px}.elementor-widget-image img{vertical-align:middle;display:inline-block}<\/style>\t\t\t\t\t\t\t\t\t\t<img fetchpriority=\"high\" decoding=\"async\" width=\"585\" height=\"435\" src=\"https:\/\/www.eyuboglubuyukatak.av.tr\/wp-content\/uploads\/2023\/12\/icra.png\" class=\"attachment-large size-large wp-image-9354\" alt=\"\" srcset=\"https:\/\/www.eyuboglubuyukatak.av.tr\/wp-content\/uploads\/2023\/12\/icra.png 585w, https:\/\/www.eyuboglubuyukatak.av.tr\/wp-content\/uploads\/2023\/12\/icra-300x223.png 300w, https:\/\/www.eyuboglubuyukatak.av.tr\/wp-content\/uploads\/2023\/12\/icra-16x12.png 16w\" sizes=\"(max-width: 585px) 100vw, 585px\" \/>\t\t\t\t\t\t\t\t\t\t\t\t\t<\/div>\n\t\t\t\t<\/div>\n\t\t\t\t<\/div>\n\t\t<div class=\"elementor-element elementor-element-2c7d161 e-con-full e-flex e-con e-child\" data-id=\"2c7d161\" data-element_type=\"container\">\n\t\t\t\t<div class=\"elementor-element elementor-element-dd11704 elementor-widget elementor-widget-hub_fancy_heading\" data-id=\"dd11704\" data-element_type=\"widget\" data-widget_type=\"hub_fancy_heading.default\">\n\t\t\t\t<div class=\"elementor-widget-container\">\n\t\t\t\n\t\t<div id=\"ld-fancy-heading-69f1664bf10cb\" class=\"ld-fancy-heading pos-rel\">\n\t\t\t<h4 class=\"ld-fh-element d-inline-block pos-rel  elementor-heading-title lqd-highlight-classic lqd-highlight-grow-left h4\"  > Enforcement and Bankruptcy Law<\/h4>\t\t<\/div>\n\n\t\t\t\t<\/div>\n\t\t\t\t<\/div>\n\t\t\t\t<div class=\"elementor-element elementor-element-d178564 elementor-widget elementor-widget-text-editor\" data-id=\"d178564\" data-element_type=\"widget\" data-widget_type=\"text-editor.default\">\n\t\t\t\t<div class=\"elementor-widget-container\">\n\t\t\t<style>\/*! elementor - v3.21.0 - 26-05-2024 *\/\n.elementor-widget-text-editor.elementor-drop-cap-view-stacked .elementor-drop-cap{background-color:#69727d;color:#fff}.elementor-widget-text-editor.elementor-drop-cap-view-framed .elementor-drop-cap{color:#69727d;border:3px solid;background-color:transparent}.elementor-widget-text-editor:not(.elementor-drop-cap-view-default) .elementor-drop-cap{margin-top:8px}.elementor-widget-text-editor:not(.elementor-drop-cap-view-default) .elementor-drop-cap-letter{width:1em;height:1em}.elementor-widget-text-editor .elementor-drop-cap{float:left;text-align:center;line-height:1;font-size:50px}.elementor-widget-text-editor .elementor-drop-cap-letter{display:inline-block}<\/style>\t\t\t\tWithin the scope of Execution and Bankruptcy Law, Ey\u00fcbo\u011flu &amp; B\u00fcy\u00fckatak conducts investigations to determine all kinds of movables, real estates and third party rights and receivables belonging to the debtor in execution proceedings for the collection of the client's receivables and follows the litigation proceedings in the courts for the resolution of disputes in this field. He also provides comprehensive consultancy on postponement of bankruptcy.\n\t\t\t\t\t\t<\/div>\n\t\t\t\t<\/div>\n\t\t\t\t<\/div>\n\t\t\t\t\t<\/div>\n\t\t\t\t<\/div>\n\t\t\t\t<\/div>","protected":false},"excerpt":{"rendered":"<p>\u0130cra ve \u0130flas Hukuku Ey\u00fcbo\u011flu &#038; B\u00fcy\u00fckatak, \u0130cra ve \u0130flas Hukuku kapsam\u0131nda, m\u00fcvekkil alaca\u011f\u0131n\u0131n tahsili amac\u0131yla icra takiplerinde bor\u00e7luya ait her t\u00fcrl\u00fc menkul, gayrimenkul ile \u00fc\u00e7\u00fcnc\u00fc ki\u015filerdeki hak ve alacaklar\u0131n tespiti ama\u00e7l\u0131 ara\u015ft\u0131rmalar yapmakta ve bu alandaki uyu\u015fmazl\u0131klar\u0131n \u00e7\u00f6z\u00fcm\u00fc i\u00e7in mahkemelerde dava takibi i\u015flerini takip etmektedir. Ayr\u0131ca iflas erteleme konusunda da kapsaml\u0131 dan\u0131\u015fmanl\u0131k vermektedir.<\/p>","protected":false},"author":1,"featured_media":0,"parent":3727,"menu_order":0,"comment_status":"closed","ping_status":"closed","template":"","meta":{"footnotes":""},"class_list":["post-10268","page","type-page","status-publish","hentry"],"_links":{"self":[{"href":"https:\/\/www.eyuboglubuyukatak.av.tr\/en\/wp-json\/wp\/v2\/pages\/10268","targetHints":{"allow":["GET"]}}],"collection":[{"href":"https:\/\/www.eyuboglubuyukatak.av.tr\/en\/wp-json\/wp\/v2\/pages"}],"about":[{"href":"https:\/\/www.eyuboglubuyukatak.av.tr\/en\/wp-json\/wp\/v2\/types\/page"}],"author":[{"embeddable":true,"href":"https:\/\/www.eyuboglubuyukatak.av.tr\/en\/wp-json\/wp\/v2\/users\/1"}],"replies":[{"embeddable":true,"href":"https:\/\/www.eyuboglubuyukatak.av.tr\/en\/wp-json\/wp\/v2\/comments?post=10268"}],"version-history":[{"count":0,"href":"https:\/\/www.eyuboglubuyukatak.av.tr\/en\/wp-json\/wp\/v2\/pages\/10268\/revisions"}],"up":[{"embeddable":true,"href":"https:\/\/www.eyuboglubuyukatak.av.tr\/en\/wp-json\/wp\/v2\/pages\/3727"}],"wp:attachment":[{"href":"https:\/\/www.eyuboglubuyukatak.av.tr\/en\/wp-json\/wp\/v2\/media?parent=10268"}],"curies":[{"name":"wp","href":"https:\/\/api.w.org\/{rel}","templated":true}]}}