{"id":10262,"date":"2024-09-03T17:02:22","date_gmt":"2024-09-03T14:02:22","guid":{"rendered":"https:\/\/www.eyuboglubuyukatak.av.tr\/?page_id=10262"},"modified":"2025-02-25T20:57:23","modified_gmt":"2025-02-25T17:57:23","slug":"dava-ve-uyusmazliklar","status":"publish","type":"page","link":"https:\/\/www.eyuboglubuyukatak.av.tr\/en\/hizmet-alanlari\/dava-ve-uyusmazliklar\/","title":{"rendered":"Litigation and Disputes"},"content":{"rendered":"<div data-elementor-type=\"wp-page\" data-elementor-id=\"10262\" class=\"elementor elementor-10262\">\n\t\t\t\t<div class=\"elementor-element elementor-element-8bd5028 e-flex e-con-boxed e-con e-parent\" data-id=\"8bd5028\" data-element_type=\"container\">\n\t\t\t\t\t<div class=\"e-con-inner\">\n\t\t<div class=\"elementor-element elementor-element-b4236ef e-con-full e-flex e-con e-child\" data-id=\"b4236ef\" data-element_type=\"container\">\n\t\t\t\t<div class=\"elementor-element elementor-element-db1691c elementor-widget elementor-widget-hub_fancy_heading\" data-id=\"db1691c\" data-element_type=\"widget\" data-widget_type=\"hub_fancy_heading.default\">\n\t\t\t\t<div class=\"elementor-widget-container\">\n\t\t\t\n\t\t<div id=\"ld-fancy-heading-69e1bd30b1446\" class=\"ld-fancy-heading pos-rel\">\n\t\t\t<h4 class=\"ld-fh-element d-inline-block pos-rel  elementor-heading-title lqd-highlight-classic lqd-highlight-grow-left h4\"  > Litigation and Disputes<\/h4>\t\t<\/div>\n\n\t\t\t\t<\/div>\n\t\t\t\t<\/div>\n\t\t\t\t<div class=\"elementor-element elementor-element-abc3b18 elementor-widget elementor-widget-text-editor\" data-id=\"abc3b18\" data-element_type=\"widget\" data-widget_type=\"text-editor.default\">\n\t\t\t\t<div class=\"elementor-widget-container\">\n\t\t\t<style>\/*! elementor - v3.21.0 - 26-05-2024 *\/\n.elementor-widget-text-editor.elementor-drop-cap-view-stacked .elementor-drop-cap{background-color:#69727d;color:#fff}.elementor-widget-text-editor.elementor-drop-cap-view-framed .elementor-drop-cap{color:#69727d;border:3px solid;background-color:transparent}.elementor-widget-text-editor:not(.elementor-drop-cap-view-default) .elementor-drop-cap{margin-top:8px}.elementor-widget-text-editor:not(.elementor-drop-cap-view-default) .elementor-drop-cap-letter{width:1em;height:1em}.elementor-widget-text-editor .elementor-drop-cap{float:left;text-align:center;line-height:1;font-size:50px}.elementor-widget-text-editor .elementor-drop-cap-letter{display:inline-block}<\/style>\t\t\t\tEy\u00fcbo\u011flu &amp; B\u00fcy\u00fckatak acts with the principle of resolving the legal disputes of its clients primarily by consensus without resorting to litigation. However, for disputes that cannot be resolved by consensus and in line with its clients' requests for direct judicial remedy, Ey\u00fcbo\u011flu &amp; B\u00fcy\u00fckatak performs all necessary legal procedures in the field of litigation, arbitration and dispute resolution. In this context, our lawyers file lawsuits in all areas of judicial jurisdiction (civil courts) and administrative jurisdiction (administrative and tax courts), defend against the lawsuits filed and meticulously follow the entire judicial process.\n\t\t\t\t\t\t<\/div>\n\t\t\t\t<\/div>\n\t\t\t\t<\/div>\n\t\t<div class=\"elementor-element elementor-element-df4a755 e-con-full e-flex e-con e-child\" data-id=\"df4a755\" data-element_type=\"container\">\n\t\t\t\t<div class=\"elementor-element elementor-element-eb18cd3 elementor-widget elementor-widget-image\" data-id=\"eb18cd3\" data-element_type=\"widget\" data-widget_type=\"image.default\">\n\t\t\t\t<div class=\"elementor-widget-container\">\n\t\t\t<style>\/*! elementor - v3.21.0 - 26-05-2024 *\/\n.elementor-widget-image{text-align:center}.elementor-widget-image a{display:inline-block}.elementor-widget-image a img[src$=\".svg\"]{width:48px}.elementor-widget-image img{vertical-align:middle;display:inline-block}<\/style>\t\t\t\t\t\t\t\t\t\t<img fetchpriority=\"high\" decoding=\"async\" width=\"585\" height=\"435\" src=\"https:\/\/www.eyuboglubuyukatak.av.tr\/wp-content\/uploads\/2023\/12\/dava.png\" class=\"attachment-large size-large wp-image-9353\" alt=\"\" srcset=\"https:\/\/www.eyuboglubuyukatak.av.tr\/wp-content\/uploads\/2023\/12\/dava.png 585w, https:\/\/www.eyuboglubuyukatak.av.tr\/wp-content\/uploads\/2023\/12\/dava-300x223.png 300w, https:\/\/www.eyuboglubuyukatak.av.tr\/wp-content\/uploads\/2023\/12\/dava-16x12.png 16w\" sizes=\"(max-width: 585px) 100vw, 585px\" \/>\t\t\t\t\t\t\t\t\t\t\t\t\t<\/div>\n\t\t\t\t<\/div>\n\t\t\t\t<\/div>\n\t\t\t\t\t<\/div>\n\t\t\t\t<\/div>\n\t\t\t\t<\/div>","protected":false},"excerpt":{"rendered":"<p>Dava ve Uyu\u015fmazl\u0131klar Ey\u00fcbo\u011flu &#038; B\u00fcy\u00fckatak, m\u00fcvekkillerinin hukuki ihtilaflar\u0131n\u0131 \u00f6ncelikle dava yoluna gitmeksizin mutabakat yolu ile \u00e7\u00f6z\u00fclmesi ilkesi ile hareket etmektedir. Bununla birlikte, mutabakat ile \u00e7\u00f6z\u00fclemeyen uyu\u015fmazl\u0131klar ile m\u00fcvekkillerinin do\u011frudan yarg\u0131 yoluna ba\u015fvurulmas\u0131 talepleri do\u011frultusunda dava, tahkim ve uyu\u015fmaz \u00e7\u00f6z\u00fcm\u00fc alan\u0131nda gerekli her t\u00fcrl\u00fc hukuki i\u015flemi yerine getirir. Bu kapsamda, adli yarg\u0131 (hukuk mahkemeleri) ve [&hellip;]<\/p>","protected":false},"author":1,"featured_media":0,"parent":3727,"menu_order":0,"comment_status":"closed","ping_status":"closed","template":"","meta":{"footnotes":""},"class_list":["post-10262","page","type-page","status-publish","hentry"],"_links":{"self":[{"href":"https:\/\/www.eyuboglubuyukatak.av.tr\/en\/wp-json\/wp\/v2\/pages\/10262","targetHints":{"allow":["GET"]}}],"collection":[{"href":"https:\/\/www.eyuboglubuyukatak.av.tr\/en\/wp-json\/wp\/v2\/pages"}],"about":[{"href":"https:\/\/www.eyuboglubuyukatak.av.tr\/en\/wp-json\/wp\/v2\/types\/page"}],"author":[{"embeddable":true,"href":"https:\/\/www.eyuboglubuyukatak.av.tr\/en\/wp-json\/wp\/v2\/users\/1"}],"replies":[{"embeddable":true,"href":"https:\/\/www.eyuboglubuyukatak.av.tr\/en\/wp-json\/wp\/v2\/comments?post=10262"}],"version-history":[{"count":4,"href":"https:\/\/www.eyuboglubuyukatak.av.tr\/en\/wp-json\/wp\/v2\/pages\/10262\/revisions"}],"predecessor-version":[{"id":11113,"href":"https:\/\/www.eyuboglubuyukatak.av.tr\/en\/wp-json\/wp\/v2\/pages\/10262\/revisions\/11113"}],"up":[{"embeddable":true,"href":"https:\/\/www.eyuboglubuyukatak.av.tr\/en\/wp-json\/wp\/v2\/pages\/3727"}],"wp:attachment":[{"href":"https:\/\/www.eyuboglubuyukatak.av.tr\/en\/wp-json\/wp\/v2\/media?parent=10262"}],"curies":[{"name":"wp","href":"https:\/\/api.w.org\/{rel}","templated":true}]}}