{"id":10059,"date":"2024-08-29T11:36:34","date_gmt":"2024-08-29T08:36:34","guid":{"rendered":"https:\/\/www.eyuboglubuyukatak.av.tr\/?page_id=10059"},"modified":"2026-03-18T00:32:01","modified_gmt":"2026-03-17T21:32:01","slug":"ezgi-naz-citak","status":"publish","type":"page","link":"https:\/\/www.eyuboglubuyukatak.av.tr\/en\/takim\/ezgi-naz-citak\/","title":{"rendered":"Ezgi Naz \u00c7\u0131tak"},"content":{"rendered":"<div data-elementor-type=\"wp-page\" data-elementor-id=\"10059\" class=\"elementor elementor-10059\">\n\t\t\t\t\t\t<section class=\"elementor-section elementor-top-section elementor-element elementor-element-9e5a28f elementor-reverse-tablet elementor-section-boxed elementor-section-height-default elementor-section-height-default\" data-id=\"9e5a28f\" data-element_type=\"section\" data-settings=\"{&quot;background_background&quot;:&quot;classic&quot;}\">\n\t\t\t\t\t\t<div class=\"elementor-container elementor-column-gap-default\">\n\t\t\t\t\t<div class=\"lqd-css-sticky-column elementor-column elementor-col-50 elementor-top-column elementor-element elementor-element-f0ee3cb elementor-hidden-mobile\" style=\"--lqd-sticky-offset:50px\" data-id=\"f0ee3cb\" data-element_type=\"column\">\n\t\t\t<div class=\"elementor-widget-wrap elementor-element-populated\">\n\t\t\t\t\t\t<div class=\"elementor-element elementor-element-0c8fc2c elementor-widget elementor-widget-ld_fancy_image\" data-id=\"0c8fc2c\" data-element_type=\"widget\" data-widget_type=\"ld_fancy_image.default\">\n\t\t\t\t<div class=\"elementor-widget-container\">\n\t\t\t\n\t\t<div class=\"lqd-imggrp-single d-block pos-rel\" data-float=\"ease-in-out\">\n\t\t\t<div class=\"lqd-imggrp-img-container d-inline-flex pos-rel align-items-center justify-content-center\">\n\t\t\t\t\t\t\t\t<figure class=\"w-100 pos-rel\">\n\t\t\t\t\t<img fetchpriority=\"high\" decoding=\"async\" width=\"300\" height=\"450\" src=\"https:\/\/www.eyuboglubuyukatak.av.tr\/wp-content\/uploads\/2024\/10\/ezgi-naz-citak.jpg\" class=\"attachment-large size-large wp-image-10706\" alt=\"\" srcset=\"https:\/\/www.eyuboglubuyukatak.av.tr\/wp-content\/uploads\/2024\/10\/ezgi-naz-citak.jpg 300w, https:\/\/www.eyuboglubuyukatak.av.tr\/wp-content\/uploads\/2024\/10\/ezgi-naz-citak-200x300.jpg 200w, https:\/\/www.eyuboglubuyukatak.av.tr\/wp-content\/uploads\/2024\/10\/ezgi-naz-citak-8x12.jpg 8w\" sizes=\"(max-width: 300px) 100vw, 300px\" itemprop=\"image\" \/>\t\t\t\t\t\t\t\t\t\t\t\t\t\t\t\t\t\t\t\t\t\t\t\t\t\t\t\t\t<\/figure>\n\t\t\t<\/div>\n\t\t<\/div>\n\n\t\t\t<\/div>\n\t\t\t\t<\/div>\n\t\t\t\t\t<\/div>\n\t\t<\/div>\n\t\t\t\t<div data-custom-animations=\"true\" data-ca-options=\"{&quot;addChildTimelines&quot;:false,&quot;animationTarget&quot;:&quot;:scope &gt; .elementor-widget-wrap &gt; .elementor-element &gt; .elementor-widget-container, :scope &gt; .elementor-widget-wrap &gt; .elementor-section &gt; .elementor-container &gt; .elementor-column &gt; .elementor-widget-wrap &gt; .elementor-element:not(.lqd-el-has-inner-anim) &gt; .elementor-widget-container, :scope &gt; .elementor-widget-wrap &gt; .elementor-widget-hub_fancy_heading .lqd-split-lines .lqd-lines .split-inner, :scope &gt; .elementor-widget-wrap &gt; .elementor-widget-hub_fancy_heading .lqd-split-words .lqd-words .split-inner, :scope &gt; .elementor-widget-wrap &gt; .elementor-widget-hub_fancy_heading .lqd-split-chars .lqd-chars .split-inner, :scope &gt; .elementor-widget-wrap &gt; .elementor-widget-ld_custom_menu .lqd-fancy-menu &gt; ul &gt; li&quot;,&quot;startDelay&quot;:300,&quot;ease&quot;:[&quot;power4.out&quot;],&quot;initValues&quot;:{&quot;y&quot;:&quot;40px&quot;,&quot;opacity&quot;:0},&quot;animations&quot;:{&quot;y&quot;:&quot;0px&quot;,&quot;opacity&quot;:1}}\" class=\"elementor-column elementor-col-50 elementor-top-column elementor-element elementor-element-6c3f712\" data-id=\"6c3f712\" data-element_type=\"column\">\n\t\t\t<div class=\"elementor-widget-wrap elementor-element-populated\">\n\t\t\t\t\t\t<div class=\"elementor-element elementor-element-1758d4e elementor-widget elementor-widget-hub_fancy_heading\" data-id=\"1758d4e\" data-element_type=\"widget\" data-widget_type=\"hub_fancy_heading.default\">\n\t\t\t\t<div class=\"elementor-widget-container\">\n\t\t\t\n\t\t<div id=\"ld-fancy-heading-69f515247fb19\" class=\"ld-fancy-heading pos-rel\">\n\t\t\t<h2 class=\"ld-fh-element d-inline-block pos-rel  elementor-heading-title lqd-highlight-classic lqd-highlight-grow-left h2\"  > Ezgi Naz \u00c7\u0131tak \n<\/h2>\t\t<\/div>\n\n\t\t\t\t<\/div>\n\t\t\t\t<\/div>\n\t\t\t\t<div class=\"elementor-element elementor-element-c471457 elementor-widget elementor-widget-text-editor\" data-id=\"c471457\" data-element_type=\"widget\" data-widget_type=\"text-editor.default\">\n\t\t\t\t<div class=\"elementor-widget-container\">\n\t\t\t<style>\/*! elementor - v3.21.0 - 26-05-2024 *\/\n.elementor-widget-text-editor.elementor-drop-cap-view-stacked .elementor-drop-cap{background-color:#69727d;color:#fff}.elementor-widget-text-editor.elementor-drop-cap-view-framed .elementor-drop-cap{color:#69727d;border:3px solid;background-color:transparent}.elementor-widget-text-editor:not(.elementor-drop-cap-view-default) .elementor-drop-cap{margin-top:8px}.elementor-widget-text-editor:not(.elementor-drop-cap-view-default) .elementor-drop-cap-letter{width:1em;height:1em}.elementor-widget-text-editor .elementor-drop-cap{float:left;text-align:center;line-height:1;font-size:50px}.elementor-widget-text-editor .elementor-drop-cap-letter{display:inline-block}<\/style>\t\t\t\t<p>Ezgi Naz \u00c7\u0131tak graduated with honors in 2021 from Istanbul Commerce University Faculty of Law, where she studied on a scholarship. During her undergraduate education, she gained practical legal experience through summer internships at various law firms; following her graduation, she completed her legal traineeship at a reputable law firm. In the early years of her career, she worked at a law firm operating in various fields of private law, gaining experience in a wide range of legal disputes.<\/p><p>During this period, she began her LL.M. studies in the Department of Private Law at Istanbul Commerce University and continued part of her graduate studies at LIUC \u2013 Universit\u00e0 Cattaneo in Italy. As part of her academic work in the field of corporate law, she prepared her master\u2019s thesis titled \u201cTransfer of Shares in Turkish Joint Stock Company Law\u201d and also published an article titled \u201cThe Role of Bearer Share Certificates in Joint Stock Company Law in Light of Recent Regulations.\u201d Ezgi Naz \u00c7\u0131tak completed her master\u2019s degree in 2025.<\/p><p>Ezgi Naz \u00c7\u0131tak provides legal consultancy and litigation services to her clients in various fields, primarily including real estate law, intellectual property law, concordat and bankruptcy law, labor law, and commercial disputes.<\/p>\t\t\t\t\t\t<\/div>\n\t\t\t\t<\/div>\n\t\t\t\t<div class=\"elementor-element elementor-element-f5aac3a elementor-widget elementor-widget-spacer\" data-id=\"f5aac3a\" data-element_type=\"widget\" data-widget_type=\"spacer.default\">\n\t\t\t\t<div class=\"elementor-widget-container\">\n\t\t\t<style>\/*! elementor - v3.21.0 - 26-05-2024 *\/\n.elementor-column .elementor-spacer-inner{height:var(--spacer-size)}.e-con{--container-widget-width:100%}.e-con-inner>.elementor-widget-spacer,.e-con>.elementor-widget-spacer{width:var(--container-widget-width,var(--spacer-size));--align-self:var(--container-widget-align-self,initial);--flex-shrink:0}.e-con-inner>.elementor-widget-spacer>.elementor-widget-container,.e-con>.elementor-widget-spacer>.elementor-widget-container{height:100%;width:100%}.e-con-inner>.elementor-widget-spacer>.elementor-widget-container>.elementor-spacer,.e-con>.elementor-widget-spacer>.elementor-widget-container>.elementor-spacer{height:100%}.e-con-inner>.elementor-widget-spacer>.elementor-widget-container>.elementor-spacer>.elementor-spacer-inner,.e-con>.elementor-widget-spacer>.elementor-widget-container>.elementor-spacer>.elementor-spacer-inner{height:var(--container-widget-height,var(--spacer-size))}.e-con-inner>.elementor-widget-spacer.elementor-widget-empty,.e-con>.elementor-widget-spacer.elementor-widget-empty{position:relative;min-height:22px;min-width:22px}.e-con-inner>.elementor-widget-spacer.elementor-widget-empty .elementor-widget-empty-icon,.e-con>.elementor-widget-spacer.elementor-widget-empty .elementor-widget-empty-icon{position:absolute;top:0;bottom:0;left:0;right:0;margin:auto;padding:0;width:22px;height:22px}<\/style>\t\t<div class=\"elementor-spacer\">\n\t\t\t<div class=\"elementor-spacer-inner\"><\/div>\n\t\t<\/div>\n\t\t\t\t<\/div>\n\t\t\t\t<\/div>\n\t\t\t\t\t<\/div>\n\t\t<\/div>\n\t\t\t\t\t<\/div>\n\t\t<\/section>\n\t\t\t\t<\/div>","protected":false},"excerpt":{"rendered":"<p>Ezgi Naz \u00c7\u0131tak Ezgi Naz \u00c7\u0131tak, burslu olarak \u00f6\u011frenim g\u00f6rd\u00fc\u011f\u00fc \u0130stanbul Ticaret \u00dcniversitesi Hukuk Fak\u00fcltesi\u2019nden 2021 y\u0131l\u0131nda onur derecesi ile mezun olmu\u015ftur. Lisans e\u011fitimi s\u0131ras\u0131nda \u00e7e\u015fitli hukuk b\u00fcrolar\u0131nda yaz stajlar\u0131 yaparak hukuk prati\u011fine ili\u015fkin deneyim kazanm\u0131\u015f; mezuniyetinin ard\u0131ndan sayg\u0131n bir hukuk b\u00fcrosunda yasal staj\u0131n\u0131 tamamlam\u0131\u015ft\u0131r. Mesle\u011finin ilk y\u0131llar\u0131nda \u00f6zel hukukun farkl\u0131 alanlar\u0131nda faaliyet g\u00f6steren bir [&hellip;]<\/p>","protected":false},"author":1,"featured_media":0,"parent":3658,"menu_order":0,"comment_status":"closed","ping_status":"closed","template":"","meta":{"footnotes":""},"class_list":["post-10059","page","type-page","status-publish","hentry"],"_links":{"self":[{"href":"https:\/\/www.eyuboglubuyukatak.av.tr\/en\/wp-json\/wp\/v2\/pages\/10059","targetHints":{"allow":["GET"]}}],"collection":[{"href":"https:\/\/www.eyuboglubuyukatak.av.tr\/en\/wp-json\/wp\/v2\/pages"}],"about":[{"href":"https:\/\/www.eyuboglubuyukatak.av.tr\/en\/wp-json\/wp\/v2\/types\/page"}],"author":[{"embeddable":true,"href":"https:\/\/www.eyuboglubuyukatak.av.tr\/en\/wp-json\/wp\/v2\/users\/1"}],"replies":[{"embeddable":true,"href":"https:\/\/www.eyuboglubuyukatak.av.tr\/en\/wp-json\/wp\/v2\/comments?post=10059"}],"version-history":[{"count":10,"href":"https:\/\/www.eyuboglubuyukatak.av.tr\/en\/wp-json\/wp\/v2\/pages\/10059\/revisions"}],"predecessor-version":[{"id":11506,"href":"https:\/\/www.eyuboglubuyukatak.av.tr\/en\/wp-json\/wp\/v2\/pages\/10059\/revisions\/11506"}],"up":[{"embeddable":true,"href":"https:\/\/www.eyuboglubuyukatak.av.tr\/en\/wp-json\/wp\/v2\/pages\/3658"}],"wp:attachment":[{"href":"https:\/\/www.eyuboglubuyukatak.av.tr\/en\/wp-json\/wp\/v2\/media?parent=10059"}],"curies":[{"name":"wp","href":"https:\/\/api.w.org\/{rel}","templated":true}]}}